{"id":124519,"date":"2024-10-19T13:10:41","date_gmt":"2024-10-19T11:10:41","guid":{"rendered":"https:\/\/tunisiancampers.com\/?page_id=124519"},"modified":"2025-12-26T15:46:29","modified_gmt":"2025-12-26T14:46:29","slug":"politique-remboursement","status":"publish","type":"page","link":"https:\/\/tunisiancampers.com\/en\/politique-remboursement\/","title":{"rendered":"Cancellation and Refund Policy"},"content":{"rendered":"<div id=\"fws_69e1c9de003d4\"  data-column-margin=\"default\" data-midnight=\"dark\" data-top-percent=\"2%\" data-bottom-percent=\"3%\"  class=\"wpb_row vc_row-fluid vc_row\"  style=\"padding-top: calc(100vw * 0.02); padding-bottom: calc(100vw * 0.03); \"><div class=\"row-bg-wrap\" data-bg-animation=\"none\" data-bg-animation-delay=\"\" data-bg-overlay=\"false\"><div class=\"inner-wrap row-bg-layer\" ><div class=\"row-bg viewport-desktop\"  style=\"\"><\/div><\/div><\/div><div class=\"row_col_wrap_12 col span_12 dark left\">\n\t<div  class=\"vc_col-sm-12 wpb_column column_container vc_column_container col no-extra-padding inherit_tablet inherit_phone\"  data-padding-pos=\"all\" data-has-bg-color=\"false\" data-bg-color=\"\" data-bg-opacity=\"1\" data-animation=\"\" data-delay=\"0\" >\n\t\t<div class=\"vc_column-inner\" >\n\t\t\t<div class=\"wpb_wrapper\">\n\t\t\t\t\n<div class=\"wpb_text_column wpb_content_element\" >\n\t<div class=\"wpb_wrapper\">\n\t\t<h4 class=\"p1\"><strong>Cancellation and Refund Policy<\/strong><\/h4>\n<p>&nbsp;<\/p>\n<h4 class=\"p1\">At\u00a0<b>Tunisian Campers<\/b>We are committed to providing you with unforgettable experiences, while ensuring a clear and fair cancellation policy.<\/h4>\n<p class=\"p1\"><b>1. General Cancellation Conditions<\/b><b><\/b><\/p>\n<ul class=\"ul1\">\n<li class=\"li1\"><b> Cancellation between 1 month and 2 weeks<\/b>\u00a0before the event :\u00a0<b>75% refund<\/b>\u00a0(25% retained).<\/li>\n<li class=\"li1\"><b> Cancellation between 2 weeks and 48 hours<\/b>\u00a0before the event :\u00a0<b>50% refund<\/b>.<\/li>\n<li class=\"li1\"><b> Cancellation less than 48 hours<\/b>\u00a0before the event :\u00a0<b>no refund<\/b>.<\/li>\n<li class=\"li1\"><b> No refunds<\/b>\u00a0will not be granted in the event of<b>late arrival<\/b>\u00a0or\u00a0<b>early departure<\/b>.<\/li>\n<\/ul>\n<p class=\"p1\"><b>2. Cancellation by Tunisian Campers<\/b><b><\/b><\/p>\n<ul class=\"ul1\">\n<li class=\"li1\">In the event of cancellation on our part (due to weather conditions, force majeure, etc.), an invoice will be issued.\u00a0<b>valid for 6 months<\/b>\u00a0will be offered.<\/li>\n<li class=\"li1\">If postponement is not possible, a\u00a0<b>100% reimbursement<\/b>\u00a0will be carried out.<\/li>\n<\/ul>\n<p class=\"p1\"><b>3.<\/b>\u00a0<strong>Payments &amp; Refund Procedure<\/strong><\/p>\n<ul>\n<li class=\"translation-block\">All online payments are received exclusively via the Konnect platform.<\/li>\n<li class=\"translation-block\">Refunds related to online payments are processed exclusively via Konnect<\/li>\n<li>\u00a0Cash payments are refunded in cash.<\/li>\n<li>\u00a0Bank-transfer payments are refunded by bank transfer.<\/li>\n<li>\u00a0An email confirmation will be sent upon validation of your request.<\/li>\n<li class=\"translation-block\">Credit notes are valid for 6 months from the date of issue.<\/li>\n<\/ul>\n<div><\/div>\n<p class=\"p1\"><b>4. Contact<\/b><b><\/b><\/p>\n<p class=\"p1\"><b>Email<\/b>\u00a0: cfo@tunisiancampers.com<\/p>\n<p class=\"p1\"><b>Phone<\/b> : +216 \u202d52 519 803\u202c<\/p>\n\t<\/div>\n<\/div>\n\n\n\n\n\t\t\t<\/div> \n\t\t<\/div>\n\t<\/div> \n<\/div><\/div>","protected":false},"excerpt":{"rendered":"Politique d\u2019Annulation et de Remboursement &nbsp; Chez\u00a0Tunisian Campers, nous nous engageons \u00e0 vous offrir des exp\u00e9riences inoubliables, tout en assurant une politique claire et \u00e9quitable...","protected":false},"author":3,"featured_media":0,"parent":0,"menu_order":0,"comment_status":"closed","ping_status":"closed","template":"","meta":{"_acf_changed":false,"footnotes":""},"class_list":["post-124519","page","type-page","status-publish"],"acf":[],"yoast_head":"<!-- This site is optimized with the Yoast SEO plugin v27.4 - https:\/\/yoast.com\/product\/yoast-seo-wordpress\/ -->\n<title>Politique d\u2019Annulation et de Remboursement - Tunisian Campers<\/title>\n<meta name=\"robots\" content=\"index, follow, max-snippet:-1, max-image-preview:large, max-video-preview:-1\" \/>\n<link rel=\"canonical\" href=\"https:\/\/tunisiancampers.com\/en\/politique-remboursement\/\" \/>\n<meta property=\"og:locale\" content=\"en_US\" \/>\n<meta property=\"og:type\" content=\"article\" \/>\n<meta property=\"og:title\" content=\"Politique d\u2019Annulation et de Remboursement - Tunisian Campers\" \/>\n<meta property=\"og:url\" content=\"https:\/\/tunisiancampers.com\/en\/politique-remboursement\/\" \/>\n<meta property=\"og:site_name\" content=\"Tunisian Campers\" \/>\n<meta property=\"article:publisher\" content=\"https:\/\/www.facebook.com\/Tunisiancampers.official\/\" \/>\n<meta property=\"article:modified_time\" content=\"2025-12-26T14:46:29+00:00\" \/>\n<meta name=\"twitter:card\" content=\"summary_large_image\" \/>\n<meta name=\"twitter:label1\" content=\"Est. reading time\" \/>\n\t<meta name=\"twitter:data1\" content=\"1 minute\" \/>\n<script type=\"application\/ld+json\" class=\"yoast-schema-graph\">{\"@context\":\"https:\\\/\\\/schema.org\",\"@graph\":[{\"@type\":\"WebPage\",\"@id\":\"https:\\\/\\\/tunisiancampers.com\\\/politique-remboursement\\\/\",\"url\":\"https:\\\/\\\/tunisiancampers.com\\\/politique-remboursement\\\/\",\"name\":\"Politique d\u2019Annulation et de Remboursement - Tunisian Campers\",\"isPartOf\":{\"@id\":\"https:\\\/\\\/tunisiancampers.com\\\/#website\"},\"datePublished\":\"2024-10-19T11:10:41+00:00\",\"dateModified\":\"2025-12-26T14:46:29+00:00\",\"breadcrumb\":{\"@id\":\"https:\\\/\\\/tunisiancampers.com\\\/politique-remboursement\\\/#breadcrumb\"},\"inLanguage\":\"en-US\",\"potentialAction\":[{\"@type\":\"ReadAction\",\"target\":[\"https:\\\/\\\/tunisiancampers.com\\\/politique-remboursement\\\/\"]}]},{\"@type\":\"BreadcrumbList\",\"@id\":\"https:\\\/\\\/tunisiancampers.com\\\/politique-remboursement\\\/#breadcrumb\",\"itemListElement\":[{\"@type\":\"ListItem\",\"position\":1,\"name\":\"Accueil\",\"item\":\"https:\\\/\\\/tunisiancampers.com\\\/\"},{\"@type\":\"ListItem\",\"position\":2,\"name\":\"Politique d\u2019Annulation et de Remboursement\"}]},{\"@type\":\"WebSite\",\"@id\":\"https:\\\/\\\/tunisiancampers.com\\\/#website\",\"url\":\"https:\\\/\\\/tunisiancampers.com\\\/\",\"name\":\"Tunisian Campers\",\"description\":\"CREATING ADVENTURES\",\"publisher\":{\"@id\":\"https:\\\/\\\/tunisiancampers.com\\\/#organization\"},\"potentialAction\":[{\"@type\":\"SearchAction\",\"target\":{\"@type\":\"EntryPoint\",\"urlTemplate\":\"https:\\\/\\\/tunisiancampers.com\\\/?s={search_term_string}\"},\"query-input\":{\"@type\":\"PropertyValueSpecification\",\"valueRequired\":true,\"valueName\":\"search_term_string\"}}],\"inLanguage\":\"en-US\"},{\"@type\":\"Organization\",\"@id\":\"https:\\\/\\\/tunisiancampers.com\\\/#organization\",\"name\":\"Tunisian Campers\",\"url\":\"https:\\\/\\\/tunisiancampers.com\\\/\",\"logo\":{\"@type\":\"ImageObject\",\"inLanguage\":\"en-US\",\"@id\":\"https:\\\/\\\/tunisiancampers.com\\\/#\\\/schema\\\/logo\\\/image\\\/\",\"url\":\"https:\\\/\\\/tunisiancampers.com\\\/wp-content\\\/uploads\\\/2022\\\/02\\\/logo-en-couleur-TC-1024x543-1.png\",\"contentUrl\":\"https:\\\/\\\/tunisiancampers.com\\\/wp-content\\\/uploads\\\/2022\\\/02\\\/logo-en-couleur-TC-1024x543-1.png\",\"width\":1024,\"height\":543,\"caption\":\"Tunisian Campers\"},\"image\":{\"@id\":\"https:\\\/\\\/tunisiancampers.com\\\/#\\\/schema\\\/logo\\\/image\\\/\"},\"sameAs\":[\"https:\\\/\\\/www.facebook.com\\\/Tunisiancampers.official\\\/\",\"https:\\\/\\\/www.instagram.com\\\/tunisiancampers\\\/\",\"https:\\\/\\\/www.youtube.com\\\/channel\\\/UCaWKWfpshK6jEX62eau1EAQ\",\"https:\\\/\\\/tn.linkedin.com\\\/company\\\/tunisiancampers\"]}]}<\/script>\n<!-- \/ Yoast SEO plugin. -->","yoast_head_json":{"title":"Politique d\u2019Annulation et de Remboursement - Tunisian Campers","robots":{"index":"index","follow":"follow","max-snippet":"max-snippet:-1","max-image-preview":"max-image-preview:large","max-video-preview":"max-video-preview:-1"},"canonical":"https:\/\/tunisiancampers.com\/en\/politique-remboursement\/","og_locale":"en_US","og_type":"article","og_title":"Politique d\u2019Annulation et de Remboursement - Tunisian Campers","og_url":"https:\/\/tunisiancampers.com\/en\/politique-remboursement\/","og_site_name":"Tunisian Campers","article_publisher":"https:\/\/www.facebook.com\/Tunisiancampers.official\/","article_modified_time":"2025-12-26T14:46:29+00:00","twitter_card":"summary_large_image","twitter_misc":{"Est. reading time":"1 minute"},"schema":{"@context":"https:\/\/schema.org","@graph":[{"@type":"WebPage","@id":"https:\/\/tunisiancampers.com\/politique-remboursement\/","url":"https:\/\/tunisiancampers.com\/politique-remboursement\/","name":"Politique d\u2019Annulation et de Remboursement - Tunisian Campers","isPartOf":{"@id":"https:\/\/tunisiancampers.com\/#website"},"datePublished":"2024-10-19T11:10:41+00:00","dateModified":"2025-12-26T14:46:29+00:00","breadcrumb":{"@id":"https:\/\/tunisiancampers.com\/politique-remboursement\/#breadcrumb"},"inLanguage":"en-US","potentialAction":[{"@type":"ReadAction","target":["https:\/\/tunisiancampers.com\/politique-remboursement\/"]}]},{"@type":"BreadcrumbList","@id":"https:\/\/tunisiancampers.com\/politique-remboursement\/#breadcrumb","itemListElement":[{"@type":"ListItem","position":1,"name":"Accueil","item":"https:\/\/tunisiancampers.com\/"},{"@type":"ListItem","position":2,"name":"Politique d\u2019Annulation et de Remboursement"}]},{"@type":"WebSite","@id":"https:\/\/tunisiancampers.com\/#website","url":"https:\/\/tunisiancampers.com\/","name":"Tunisian Campers","description":"CREATING ADVENTURES","publisher":{"@id":"https:\/\/tunisiancampers.com\/#organization"},"potentialAction":[{"@type":"SearchAction","target":{"@type":"EntryPoint","urlTemplate":"https:\/\/tunisiancampers.com\/?s={search_term_string}"},"query-input":{"@type":"PropertyValueSpecification","valueRequired":true,"valueName":"search_term_string"}}],"inLanguage":"en-US"},{"@type":"Organization","@id":"https:\/\/tunisiancampers.com\/#organization","name":"Tunisian Campers","url":"https:\/\/tunisiancampers.com\/","logo":{"@type":"ImageObject","inLanguage":"en-US","@id":"https:\/\/tunisiancampers.com\/#\/schema\/logo\/image\/","url":"https:\/\/tunisiancampers.com\/wp-content\/uploads\/2022\/02\/logo-en-couleur-TC-1024x543-1.png","contentUrl":"https:\/\/tunisiancampers.com\/wp-content\/uploads\/2022\/02\/logo-en-couleur-TC-1024x543-1.png","width":1024,"height":543,"caption":"Tunisian Campers"},"image":{"@id":"https:\/\/tunisiancampers.com\/#\/schema\/logo\/image\/"},"sameAs":["https:\/\/www.facebook.com\/Tunisiancampers.official\/","https:\/\/www.instagram.com\/tunisiancampers\/","https:\/\/www.youtube.com\/channel\/UCaWKWfpshK6jEX62eau1EAQ","https:\/\/tn.linkedin.com\/company\/tunisiancampers"]}]}},"_links":{"self":[{"href":"https:\/\/tunisiancampers.com\/en\/wp-json\/wp\/v2\/pages\/124519","targetHints":{"allow":["GET"]}}],"collection":[{"href":"https:\/\/tunisiancampers.com\/en\/wp-json\/wp\/v2\/pages"}],"about":[{"href":"https:\/\/tunisiancampers.com\/en\/wp-json\/wp\/v2\/types\/page"}],"author":[{"embeddable":true,"href":"https:\/\/tunisiancampers.com\/en\/wp-json\/wp\/v2\/users\/3"}],"replies":[{"embeddable":true,"href":"https:\/\/tunisiancampers.com\/en\/wp-json\/wp\/v2\/comments?post=124519"}],"version-history":[{"count":19,"href":"https:\/\/tunisiancampers.com\/en\/wp-json\/wp\/v2\/pages\/124519\/revisions"}],"predecessor-version":[{"id":127284,"href":"https:\/\/tunisiancampers.com\/en\/wp-json\/wp\/v2\/pages\/124519\/revisions\/127284"}],"wp:attachment":[{"href":"https:\/\/tunisiancampers.com\/en\/wp-json\/wp\/v2\/media?parent=124519"}],"curies":[{"name":"wp","href":"https:\/\/api.w.org\/{rel}","templated":true}]}}